{"id":38,"date":"2022-11-17T13:23:40","date_gmt":"2022-11-17T13:23:40","guid":{"rendered":"http:\/\/barakovic.pmf.untz.ba\/?page_id=38"},"modified":"2026-02-24T12:48:35","modified_gmt":"2026-02-24T12:48:35","slug":"nastava","status":"publish","type":"page","link":"http:\/\/barakovic.pmf.untz.ba\/?page_id=38","title":{"rendered":"Nastava"},"content":{"rendered":"\n<p>U zimskom semestru u akademskoj 2024.\/2025. godini dr\u017eim nastavu iz sljede\u0107ih predmeta:<\/p>\n\n\n\n<ul>\n<li>Uvod u matemati\u010dke programske pakete<\/li>\n\n\n\n<li>Matemati\u010dke osnove kompjuterske nauke<\/li>\n\n\n\n<li>Geometrija II<\/li>\n\n\n\n<li>Napredni software Mathematica (II ciklus)<\/li>\n<\/ul>\n\n\n\n<p>U ljetnom semestru u akademskoj 2024.\/2025. godini dr\u017eim nastavu iz sljede\u0107ih predmeta:<\/p>\n\n\n\n<ul>\n<li>Geometrija I<\/li>\n\n\n\n<li><a href=\"http:\/\/barakovic.pmf.untz.ba\/?page_id=306\" data-type=\"link\" data-id=\"http:\/\/barakovic.pmf.untz.ba\/?page_id=306\">Matematika II (FET)<\/a><\/li>\n\n\n\n<li>Matemati\u010dka analiza I (Odsjek fizika PMF)<\/li>\n<\/ul>\n\n\n\n<p><strong>TERMINI KONSULTACIJA<\/strong> (PMF kabinet br. 20): UTORAK 11:00 &#8211; 12:00 i \u010cETVRTAK 9:00 &#8211; 10:00.<\/p>\n\n\n\n<p><\/p>\n\n\n\n<p><\/p>\n","protected":false},"excerpt":{"rendered":"<p>U zimskom semestru u akademskoj 2024.\/2025. godini dr\u017eim nastavu iz sljede\u0107ih predmeta: U ljetnom semestru u akademskoj 2024.\/2025. godini dr\u017eim nastavu iz sljede\u0107ih predmeta: TERMINI KONSULTACIJA (PMF kabinet br. 20): UTORAK 11:00 &#8211; 12:00 i \u010cETVRTAK 9:00 &#8211; 10:00.<\/p>\n","protected":false},"author":1,"featured_media":0,"parent":0,"menu_order":0,"comment_status":"closed","ping_status":"closed","template":"","meta":{"footnotes":""},"_links":{"self":[{"href":"http:\/\/barakovic.pmf.untz.ba\/index.php?rest_route=\/wp\/v2\/pages\/38"}],"collection":[{"href":"http:\/\/barakovic.pmf.untz.ba\/index.php?rest_route=\/wp\/v2\/pages"}],"about":[{"href":"http:\/\/barakovic.pmf.untz.ba\/index.php?rest_route=\/wp\/v2\/types\/page"}],"author":[{"embeddable":true,"href":"http:\/\/barakovic.pmf.untz.ba\/index.php?rest_route=\/wp\/v2\/users\/1"}],"replies":[{"embeddable":true,"href":"http:\/\/barakovic.pmf.untz.ba\/index.php?rest_route=%2Fwp%2Fv2%2Fcomments&post=38"}],"version-history":[{"count":20,"href":"http:\/\/barakovic.pmf.untz.ba\/index.php?rest_route=\/wp\/v2\/pages\/38\/revisions"}],"predecessor-version":[{"id":350,"href":"http:\/\/barakovic.pmf.untz.ba\/index.php?rest_route=\/wp\/v2\/pages\/38\/revisions\/350"}],"wp:attachment":[{"href":"http:\/\/barakovic.pmf.untz.ba\/index.php?rest_route=%2Fwp%2Fv2%2Fmedia&parent=38"}],"curies":[{"name":"wp","href":"https:\/\/api.w.org\/{rel}","templated":true}]}}