{"id":83,"date":"2022-11-19T06:43:14","date_gmt":"2022-11-19T06:43:14","guid":{"rendered":"http:\/\/barakovic.pmf.untz.ba\/?page_id=83"},"modified":"2024-12-02T06:51:13","modified_gmt":"2024-12-02T06:51:13","slug":"istrazivacki-rad","status":"publish","type":"page","link":"http:\/\/barakovic.pmf.untz.ba\/?page_id=83","title":{"rendered":"Nauka"},"content":{"rendered":"\n<p>Moji nau\u010dnoistra\u017eiva\u010dki interesi su iz oblasti alternativnih teorija gravitacije kao i spektralne analize Diracovog operatora bez mase. To je bila tema moje doktorske disertacije &#8220;<em>Vakuumska rje\u0161enja metri\u010dki afine gravitacije sa spektralnom analizom Diracovog operatora bez mase<\/em>&#8221; koju sam uspje\u0161no odbranio 2016. godine. Prethodno sam 2011. godine odbranio magistarski rad &#8220;<em>Primjena diferencijalne geometrije u teorijama gravitacije<\/em>&#8220;.<\/p>\n\n\n\n<p>Objavio sam nekoliko nau\u010dnim radova u relevantnim nau\u010dnim \u010dasopisima, neki od njih indeksirani su u CC\/SCI i MathSciNet. Uspje\u0161no sam predstavio svoj rad na nekoliko me\u0111unarodnih konferencija, vodio i u\u010destvovao u nekoliko doma\u0107ih i me\u0111unarodnih projekata.<\/p>\n\n\n\n<h2 class=\"wp-block-heading\">Nau\u010dni radovi<\/h2>\n\n\n\n<p>\u25aa <strong>E. Barakovic <\/strong>and V. Pasic, <a rel=\"noreferrer noopener\" href=\"http:\/\/files.ele-math.com\/articles\/oam-14-51.pdf\" data-type=\"URL\" data-id=\"http:\/\/files.ele-math.com\/articles\/oam-14-51.pdf\" target=\"_blank\">Analyzing the spectral (a)symmetry of the massless Dirac operator on the 3-torus<\/a>, Operators and Matrices, Vol. 14, no. 4, 815.835 (2020).<br>\u25aa <strong>E Barakovic<\/strong> et al.:  <a rel=\"noreferrer noopener\" href=\"https:\/\/arxiv.org\/abs\/1806.05195\" data-type=\"URL\" data-id=\"https:\/\/arxiv.org\/abs\/1806.05195\" target=\"_blank\">Black holes, gravitational waves and fundamental physics: a roadmap<\/a>, Classical and quantum gravity 36, no. 14 (2019): 143001.<br>\u25aa <strong>E. Barakovic<\/strong>. V. Pasic, <a rel=\"noreferrer noopener\" href=\"https:\/\/www.worldscientific.com\/doi\/10.1142\/9789813226609_0110\" data-type=\"URL\" data-id=\"https:\/\/www.worldscientific.com\/doi\/10.1142\/9789813226609_0110\" target=\"_blank\">Physical Interpretation of PP-waves With Axial Torsion,<\/a> Proceedings of 14th Marcel Grossmann Meeting on General Relativity. (2017)<br>\u25aa V. Pasic, <strong>E. Barakovic<\/strong>, <a rel=\"noreferrer noopener\" href=\"https:\/\/www.worldscientific.com\/doi\/abs\/10.1142\/9789813226609_0080\" data-type=\"URL\" data-id=\"https:\/\/www.worldscientific.com\/doi\/abs\/10.1142\/9789813226609_0080\" target=\"_blank\">Axial Torsion Waves in Metric-affine Gravity<\/a>, Proceedings of 14th Marcel Grossmann Meeting on General Relativity. (2017)<br>\u25aa S Karasulji\u0107, E Duvnjakovi\u0107, V Pasic, <strong>E Barakovic<\/strong>: <a rel=\"noreferrer noopener\" href=\"https:\/\/arxiv.org\/abs\/1705.09608\" data-type=\"URL\" data-id=\"https:\/\/arxiv.org\/abs\/1705.09608\" target=\"_blank\">Construction of a global solution for the one dimensional singularly-perturbed boundary value problem,<\/a> Journal of Modern Methods in Numerical mathematics, v.8,n.1-2,p.52-65,july 2017.<br>\u25aa Pasic V., <strong>Barakovic E.<\/strong> : <a rel=\"noreferrer noopener\" href=\"https:\/\/arxiv.org\/abs\/1509.07536\" data-type=\"URL\" data-id=\"https:\/\/arxiv.org\/abs\/1509.07536\" target=\"_blank\">Torsion Wave Solutions in Yang\u2013Mielke Theory of Gravity,<\/a> Advances in High Energy Physics 2015 (Article ID 239076), 7<br>\u25aa Pasic V., <strong>Barakovic E.<\/strong> : <a rel=\"noreferrer noopener\" href=\"https:\/\/arxiv.org\/abs\/1406.1930\" data-type=\"URL\" data-id=\"https:\/\/arxiv.org\/abs\/1406.1930\" target=\"_blank\">PP-waves with torsion: a metric-affine model for the massless neutrino<\/a>. Gen. Relativ. Gravit. 46:1787 , (2014).<br>\u25aa Pasic V., <strong>Barakovic E.<\/strong>, Okicic N.: <a href=\"https:\/\/www.research-publication.com\/amsj\/uploads\/papers\/vol-03\/iss-01\/AMSJ-Vol3-N1-5.pdf\" data-type=\"URL\" data-id=\"https:\/\/www.research-publication.com\/amsj\/uploads\/papers\/vol-03\/iss-01\/AMSJ-Vol3-N1-5.pdf\" target=\"_blank\" rel=\"noreferrer noopener\">A New Representation of the Field Equations of Quadratic Metric-Affine Gravity<\/a>. Adv. Math., Sci. J. 3 1, 33\u201346 (2014).<br>\u25aa Dedagic F., Halilovic S., <strong>Barakovic E<\/strong>.: <a rel=\"noreferrer noopener\" href=\"http:\/\/www.math.bas.bg\/infres\/MathBalk\/MB-26\/MB-26-325-333.pdf\" data-type=\"URL\" data-id=\"http:\/\/www.math.bas.bg\/infres\/MathBalk\/MB-26\/MB-26-325-333.pdf\" target=\"_blank\">On the Solvability of Discrete Nonlinear Hammerstein Systems in <\/a>$l_{p,\\sigma}$ Spaces. Mathematica Balkanica , vol 26 (2012), fasc.3-4.<\/p>\n\n\n\n<h2 class=\"wp-block-heading\">Izlaganje na konferencijama<\/h2>\n\n\n\n<p>\u25aa Elvis Barakovi\u0107: \u201d Torsion Wave Solutions in Metric-affine Gravity\u201d, Valencia, Spain 2018.<br>\u25aa Elvis Barakovi\u0107: \u201dAnalyzing the spectral (a)symmetry of the massless Dirac operator on the 3\u2212torus\u201d, BMS Mathematical Conference, Sarajevo, BiH 2018.<br>\u25aa Elvis Barakovic: \u201dPhysical interpretation of pp-waves with axial torsion\u201d, Fourteenth Marcel Grossmann Meeting \u2013 MG14, University \u201dLa Sapienza\u201d, Rome, Italy, 12-18 July 2015.<br>\u25aa Elvis Barakovic: \u201c The spectral analysis of the massless Dirac operator in the axisymmetric case on the 3-torus\u201d, BIH Matematicki skup, Sarajevo, BiH, 04. June 2015.<br>\u25aa Elvis Barakovic: \u201cMetric-affine vs Spectral Theoretic Characterization of the Massless Dirac Operator\u201d, 2nd International Euroasian Conference on Mathematical Scientific and Applications, Sarajevo, BiH, 26-29. August 2013.<br>\u25aa Elvis Barakovic: \u201cNew representation of the field equations &#8212; looking for a new vacuum solution for QMAG\u201d, MASSE, International Congress on Mathematics, MICOM 2012, Sarajevo, BiH, 19.-23. September 2012.<\/p>\n\n\n\n<h2 class=\"wp-block-heading\">Nau\u010dnoistra\u017eiva\u010dki projekti<\/h2>\n\n\n\n<h3 class=\"wp-block-heading\">Voditelj projekata<\/h3>\n\n\n\n<p>\u25aa Nau\u010dnoistra\u017eiva\u010dki projekat finansiran od strane Federalnog Ministarstva obrazovanja i nauke (Bilateralni nau\u010dnoistra\u017eiva\u010dki projekat BiH-Slovenija.), 2021 godina, &#8221; Analiza bent Boolskih funkcija u smislu novih metrika-AUBFNM&#8221;. Voditelj projekta sa bosanskohercegova\u010dke strane.<br>\u25aa Nau\u010dnoistra\u017eiva\u010dki projekat finansiran od strane Federalnog Ministarstva obrazovanja i nauke, 2018 godina, &#8221; Analiza Euler-Lagrangeovog sistema parcijalnih diferencijalnih jedna\u010dina u kvadratnoj metri\u010dki affinoj gravitaciji&#8221;. <br>\u25aa Nau\u010dnoistra\u017eiva\u010dki projekat finansiran od strane Federalnog Ministarstva obrazovanja i nauke, 2017 godina, &#8221; Pristup MDC Konzorcijumu MathSciNet&#8221;. <br><\/p>\n\n\n\n<h3 class=\"wp-block-heading\">U\u010desnik u projektima<\/h3>\n\n\n\n<p>\u25aa Nau\u010dnoistra\u017eiva\u010dki projekat finansiran od strane Federalnog Ministarstva obrazovanja i nauke, 2015 godina, &#8220;Primjena diferencijalne geometrije u analizi Diracovog operatora bez &#8220;.Voditelj projekta Dr. Vedad Pa\u0161i\u0107.<br>\u25aa Nau\u010dnoistra\u017eiva\u010dki projekat finansiran od strane Federalnog Ministarstva obrazovanja i nauke, 2014 godina, &#8220;Diracov operator bez mase u teorijama gravitacije i spektralnoj &#8220;. Voditelj projekta Dr. Vedad Pa\u0161i\u0107.<br>\u25aa Nau\u010dnoistra\u017eiva\u010dki projekat finansiran od strane Federalnog Ministarstva obrazovanja i nauke, 2012 godina, &#8220;Alternativne teorije gravitacije a analiza generisanih parcijalnih diferencijalnih jedna\u010dina &#8220;. Voditelj projekta Dr. Vedad Pa\u0161i\u0107.<br>\u25aa Nau\u010dnoistra\u017eiva\u010dki projekat finansiran od strane Federalnog Ministarstva obrazovanja i nauke, 2008 godina, &#8220;Istra\u017eivanja u teoriji nelinearnih operatora sa aplikacijama u teorijskoj fizici i rje\u0161avanju nekih operatorskih jedna\u010dina &#8220;. Vo\u0111a projekta Dr. Fehim Dedagi\u0107.<\/p>\n\n\n\n<h3 class=\"wp-block-heading\">Me\u0111unarodni projekti<\/h3>\n\n\n\n<p>\u25aa Od 2022. godine u\u010desnik COST akcije CA21109 &#8220;<a rel=\"noreferrer noopener\" href=\"https:\/\/www.cost.eu\/actions\/CA21109\/\" data-type=\"URL\" data-id=\"https:\/\/www.cost.eu\/actions\/CA21109\/\" target=\"_blank\">Cartan geometry, Lie, Integrable Systems, quantum group Theories for Applications (CaLISTA)<\/a>&#8221; (MC Member)<br>\u25aa Od 2022. godine u\u010desnik COST akcije  CA21136 &#8220;<a rel=\"noreferrer noopener\" href=\"https:\/\/www.cost.eu\/actions\/CA21136\/\" data-type=\"URL\" data-id=\"https:\/\/www.cost.eu\/actions\/CA21136\/\" target=\"_blank\">Addressing observational tensions in cosmology with systematics and fundamental physics (CosmoVerse)<\/a>&#8221; (MC Member)<br>\u25aa Od 2019. godine u\u010desnik COST akcije CA18108 &#8220;<a rel=\"noreferrer noopener\" href=\"https:\/\/www.cost.eu\/actions\/CA18108\/\" data-type=\"URL\" data-id=\"https:\/\/www.cost.eu\/actions\/CA18108\/\" target=\"_blank\">Quantum gravity phenomenology in the multi-messenger<\/a>&#8220;, (MC Member)<br>\u25aa Od 2017. godine u\u010desnik COST akcije CA15117 <a rel=\"noreferrer noopener\" href=\"https:\/\/www.cost.eu\/actions\/CA15117\/\" data-type=\"URL\" data-id=\"https:\/\/www.cost.eu\/actions\/CA15117\/\" target=\"_blank\">\u201cCosmology and Astrophysics Network for Theoretical Advances and Training Actions (CANTATA)<\/a>\u201d (MC substitute).<br>\u25aa Od 2017. godine u\u010desnik COST akcije CA16104 \u201c<a rel=\"noreferrer noopener\" href=\"https:\/\/www.cost.eu\/actions\/CA16104\/\" data-type=\"URL\" data-id=\"https:\/\/www.cost.eu\/actions\/CA16104\/\" target=\"_blank\">Gravitational waves, black holes and fundamental physics<\/a>\u201d (MC substitute).<\/p>\n","protected":false},"excerpt":{"rendered":"<p>Moji nau\u010dnoistra\u017eiva\u010dki interesi su iz oblasti alternativnih teorija gravitacije kao i spektralne analize Diracovog operatora bez mase. To je bila tema moje doktorske disertacije &#8220;Vakuumska rje\u0161enja metri\u010dki afine gravitacije sa spektralnom analizom Diracovog operatora bez mase&#8221; koju sam uspje\u0161no odbranio 2016. godine. Prethodno sam 2011. godine odbranio magistarski rad &#8220;Primjena diferencijalne geometrije u teorijama gravitacije&#8220;.<\/p>\n<div class=\"more-link\">\n\t\t\t\t <a href=\"http:\/\/barakovic.pmf.untz.ba\/?page_id=83\" class=\"link-btn theme-btn\"><span>Read More <\/span> <i class=\"fa fa-caret-right\"><\/i><\/a>\n\t\t\t<\/div>\n","protected":false},"author":1,"featured_media":0,"parent":0,"menu_order":0,"comment_status":"closed","ping_status":"closed","template":"","meta":{"footnotes":""},"_links":{"self":[{"href":"http:\/\/barakovic.pmf.untz.ba\/index.php?rest_route=\/wp\/v2\/pages\/83"}],"collection":[{"href":"http:\/\/barakovic.pmf.untz.ba\/index.php?rest_route=\/wp\/v2\/pages"}],"about":[{"href":"http:\/\/barakovic.pmf.untz.ba\/index.php?rest_route=\/wp\/v2\/types\/page"}],"author":[{"embeddable":true,"href":"http:\/\/barakovic.pmf.untz.ba\/index.php?rest_route=\/wp\/v2\/users\/1"}],"replies":[{"embeddable":true,"href":"http:\/\/barakovic.pmf.untz.ba\/index.php?rest_route=%2Fwp%2Fv2%2Fcomments&post=83"}],"version-history":[{"count":34,"href":"http:\/\/barakovic.pmf.untz.ba\/index.php?rest_route=\/wp\/v2\/pages\/83\/revisions"}],"predecessor-version":[{"id":339,"href":"http:\/\/barakovic.pmf.untz.ba\/index.php?rest_route=\/wp\/v2\/pages\/83\/revisions\/339"}],"wp:attachment":[{"href":"http:\/\/barakovic.pmf.untz.ba\/index.php?rest_route=%2Fwp%2Fv2%2Fmedia&parent=83"}],"curies":[{"name":"wp","href":"https:\/\/api.w.org\/{rel}","templated":true}]}}